{"id":170,"date":"2023-05-27T15:36:23","date_gmt":"2023-05-27T15:36:23","guid":{"rendered":"http:\/\/lespace-landing-042023.local\/?page_id=170"},"modified":"2025-04-04T14:31:54","modified_gmt":"2025-04-04T12:31:54","slug":"lespace-carre-darts-integrateur-audio-video-et-home-cinema","status":"publish","type":"page","link":"https:\/\/lespacecarredarts.fr\/fr\/","title":{"rendered":"L&rsquo;Espace Carr\u00e9 d&rsquo;Arts &#8211; Int\u00e9grateur audio &#8211; vid\u00e9o et Home-cin\u00e9ma"},"content":{"rendered":"<style>\/*! elementor - v3.21.0 - 26-05-2024 *\/\n.elementor-heading-title{padding:0;margin:0;line-height:1}.elementor-widget-heading .elementor-heading-title[class*=elementor-size-]>a{color:inherit;font-size:inherit;line-height:inherit}.elementor-widget-heading .elementor-heading-title.elementor-size-small{font-size:15px}.elementor-widget-heading .elementor-heading-title.elementor-size-medium{font-size:19px}.elementor-widget-heading .elementor-heading-title.elementor-size-large{font-size:29px}.elementor-widget-heading .elementor-heading-title.elementor-size-xl{font-size:39px}.elementor-widget-heading .elementor-heading-title.elementor-size-xxl{font-size:59px}<\/style>\n<h1>D\u00e9couvrez la HI-FI, le home cin\u00e9ma, la domotique et l&rsquo;int\u00e9gration audio &#8211; vid\u00e9o \u00e0 Belfort.<\/h1>\n<p>De votre simple cha\u00eene HI-FI \u00e0 votre salle de cin\u00e9ma priv\u00e9e, nos produits ainsi que nos solutions <em><strong>sont \u00e9volutives<\/strong><\/em> et se mettent au diapason en fonction de votre envie. Pour cela, nous avons investi dans peu de marques nous permettant aujourd\u2019hui de <em><strong>garder une synergie<\/strong><\/em> entre elles <em><strong>pour r\u00e9pondre \u00e0 vos attentes pr\u00e9sentes et futures.<\/strong><\/em><\/p>\n<style>\/*! elementor - v3.21.0 - 26-05-2024 *\/\n.elementor-widget-image{text-align:center}.elementor-widget-image a{display:inline-block}.elementor-widget-image a img[src$=\".svg\"]{width:48px}.elementor-widget-image img{vertical-align:middle;display:inline-block}<\/style>\n<p>\t\t\t\t\t\t\t\t\t\t<img decoding=\"async\" width=\"800\" height=\"860\" src=\"https:\/\/lespacecarredarts.fr\/fr\/wp-content\/uploads\/2023\/05\/img-gauche-haut90-landing-lespacecarredarts-belfort.webp\" alt=\"Selekt DSM de Linn Products.\" srcset=\"https:\/\/lespacecarredarts.fr\/fr\/wp-content\/uploads\/2023\/05\/img-gauche-haut90-landing-lespacecarredarts-belfort.webp 1325w, https:\/\/lespacecarredarts.fr\/fr\/wp-content\/uploads\/2023\/05\/img-gauche-haut90-landing-lespacecarredarts-belfort-279x300.webp 279w, https:\/\/lespacecarredarts.fr\/fr\/wp-content\/uploads\/2023\/05\/img-gauche-haut90-landing-lespacecarredarts-belfort-953x1024.webp 953w, https:\/\/lespacecarredarts.fr\/fr\/wp-content\/uploads\/2023\/05\/img-gauche-haut90-landing-lespacecarredarts-belfort-768x825.webp 768w\" sizes=\"(max-width: 800px) 100vw, 800px\" \/><br \/>\n\t\t\t\t\t\t\t\t\t\t\t\t\t<img decoding=\"async\" width=\"601\" height=\"600\" src=\"https:\/\/lespacecarredarts.fr\/fr\/wp-content\/uploads\/2023\/05\/hifi-landing-lespacecarredarts-belfort.webp\" alt=\"Ensemble de produits HI-FI Linn Products avec une platine vinyle LP12 et un Majik.\" srcset=\"https:\/\/lespacecarredarts.fr\/fr\/wp-content\/uploads\/2023\/05\/hifi-landing-lespacecarredarts-belfort.webp 601w, https:\/\/lespacecarredarts.fr\/fr\/wp-content\/uploads\/2023\/05\/hifi-landing-lespacecarredarts-belfort-300x300.webp 300w, https:\/\/lespacecarredarts.fr\/fr\/wp-content\/uploads\/2023\/05\/hifi-landing-lespacecarredarts-belfort-150x150.webp 150w\" sizes=\"(max-width: 601px) 100vw, 601px\" \/>\t\t\t\t\t\t\t\t\t\t\t\t\t<\/p>\n<h4>01\/<\/h4>\n<h2>Hi-Fi<\/h2>\n<p>Lors de la cr\u00e9ation du magasin en 2011, nous avons pris le virage de la musique d\u00e9mat\u00e9rialis\u00e9e avec notre principale marque : Linn Products.<\/p>\n<p>En fonction de vos attentes et de vos budgets, nous ferons une proposition sur mesure que ce soit avec Linn, Sugden, Yamaha, Atoll ou encore Rega pour les vinyles. Si vous avez beaucoup de CD, vous pouvez vous tourner vers Innuos qui propose un ripper CD avec du stockage en r\u00e9seaux.<\/p>\n<p>\t\t\t\t\t\t\t\t\t\t\t\t\t<img decoding=\"async\" width=\"601\" height=\"600\" src=\"https:\/\/lespacecarredarts.fr\/fr\/wp-content\/uploads\/2023\/05\/homecinema-landing-lespacecarredarts-belfort.webp\" alt=\"Home Cin\u00e9ma et int\u00e9gration avec un vid\u00e9o-projecteur Sony.\" srcset=\"https:\/\/lespacecarredarts.fr\/fr\/wp-content\/uploads\/2023\/05\/homecinema-landing-lespacecarredarts-belfort.webp 601w, https:\/\/lespacecarredarts.fr\/fr\/wp-content\/uploads\/2023\/05\/homecinema-landing-lespacecarredarts-belfort-300x300.webp 300w, https:\/\/lespacecarredarts.fr\/fr\/wp-content\/uploads\/2023\/05\/homecinema-landing-lespacecarredarts-belfort-150x150.webp 150w\" sizes=\"(max-width: 601px) 100vw, 601px\" \/>\t\t\t\t\t\t\t\t\t\t\t\t\t<\/p>\n<h4>02\/<\/h4>\n<h2>Home cin\u00e9ma<\/h2>\n<p>Nous sommes revendeur officiel Sony et nous avons choisit cette marque pour ses produits \u00e0 la pointe aussi bien en vid\u00e9o-projection qu\u2019en t\u00e9l\u00e9vision ou Blu-ray transformant votre salon en un cin\u00e9ma confortable et pratique. Profitez de vos films aux images r\u00e9alistes.<\/p>\n<p>Pour les accompagner, nous vous proposons Yamaha. Une marque qui n\u2019a plus rien \u00e0 prouver et qui offre un tr\u00e8s bon rapport qualit\u00e9 prix pour profiter de ses films, s\u00e9ries et jeux vid\u00e9o.<\/p>\n<p>En plus de \u00e7a, vous pouvez commencer le multi-room audio gr\u00e2ce \u00e0 MusicCast !<\/p>\n<p>\t\t\t\t\t\t\t\t\t\t\t\t\t<img decoding=\"async\" width=\"601\" height=\"601\" src=\"https:\/\/lespacecarredarts.fr\/fr\/wp-content\/uploads\/2023\/05\/integration-domotique-landing-lespacecarredarts-belfort.webp\" alt=\"T\u00e9l\u00e9commande Control4 pour l&#039;int\u00e9gration et la domotique.\" srcset=\"https:\/\/lespacecarredarts.fr\/fr\/wp-content\/uploads\/2023\/05\/integration-domotique-landing-lespacecarredarts-belfort.webp 601w, https:\/\/lespacecarredarts.fr\/fr\/wp-content\/uploads\/2023\/05\/integration-domotique-landing-lespacecarredarts-belfort-300x300.webp 300w, https:\/\/lespacecarredarts.fr\/fr\/wp-content\/uploads\/2023\/05\/integration-domotique-landing-lespacecarredarts-belfort-150x150.webp 150w\" sizes=\"(max-width: 601px) 100vw, 601px\" \/>\t\t\t\t\t\t\t\t\t\t\t\t\t<\/p>\n<h4>03\/<\/h4>\n<h2>Int\u00e9gration &#8211; Domotique<\/h2>\n<p>Les maisons dites intelligentes ne sont plus de la science-fiction. Avec Control4 et Lutron, cela devient votre quotidien.<\/p>\n<p>En se connectant \u00e0 vos nombreux appareils dans votre maison, cette plate-forme robuste et fiable leur permet de travailler ensemble dans une parfaite symbiose et personnalis\u00e9e \u00e0 la mani\u00e8re dont vous vivez.<\/p>\n<p>Vous b\u00e9n\u00e9ficierez d\u2019un syst\u00e8me simple et intelligent reliant l\u2019\u00e9clairage, la s\u00e9curit\u00e9 et le divertissement \u00e0 domicile avec votre smartphone, votre tablette ou une t\u00e9l\u00e9commande Control4.<\/p>\n<p>\t\t\t\t\t\t\t\t\t\t\t\t\t<img decoding=\"async\" width=\"601\" height=\"601\" src=\"https:\/\/lespacecarredarts.fr\/fr\/wp-content\/uploads\/2023\/05\/salle-cinema-privee-landing-lespacecarredarts-belfort.webp\" alt=\"Une salle de cin\u00e9ma priv\u00e9e pour profiter de vos films et s\u00e9ries. Elle est contr\u00f4l\u00e9e par Control4.\" srcset=\"https:\/\/lespacecarredarts.fr\/fr\/wp-content\/uploads\/2023\/05\/salle-cinema-privee-landing-lespacecarredarts-belfort.webp 601w, https:\/\/lespacecarredarts.fr\/fr\/wp-content\/uploads\/2023\/05\/salle-cinema-privee-landing-lespacecarredarts-belfort-300x300.webp 300w, https:\/\/lespacecarredarts.fr\/fr\/wp-content\/uploads\/2023\/05\/salle-cinema-privee-landing-lespacecarredarts-belfort-150x150.webp 150w\" sizes=\"(max-width: 601px) 100vw, 601px\" \/>\t\t\t\t\t\t\t\t\t\t\t\t\t<\/p>\n<h4>04\/<\/h4>\n<h2>Salle de<br \/>\nCin\u00e9ma priv\u00e9e<\/h2>\n<p>Et si c\u2019\u00e9tait le cin\u00e9ma qui venait \u00e0 vous et non l\u2019inverse ?<\/p>\n<p>Nous pouvons vous installer votre salle de cin\u00e9ma cl\u00e9 en main dans votre maison quel que soit l\u2019endroit (Garage, grenier ou simplement dans une pi\u00e8ce inutilis\u00e9e.) Le concept est simple, nous partons de votre salle brute pour la transformer en v\u00e9ritable salle de cin\u00e9ma et pouvoir profiter de ses diff\u00e9rents divertissements tels que les films, les s\u00e9ries ou encore les jeux vid\u00e9o dans les meilleurs conditions possibles.<\/p>\n<p>Nous vous proposerons le mat\u00e9riel le plus adapt\u00e9 \u00e0 vos besoins et \u00e0 vos exigences.<\/p>\n<style>\/*! elementor - v3.21.0 - 26-05-2024 *\/\n.elementor-widget-image-carousel .swiper,.elementor-widget-image-carousel .swiper-container{position:static}.elementor-widget-image-carousel .swiper-container .swiper-slide figure,.elementor-widget-image-carousel .swiper .swiper-slide figure{line-height:inherit}.elementor-widget-image-carousel .swiper-slide{text-align:center}.elementor-image-carousel-wrapper:not(.swiper-container-initialized):not(.swiper-initialized) .swiper-slide{max-width:calc(100% \/ var(--e-image-carousel-slides-to-show, 3))}<\/style>\n<figure><img decoding=\"async\" src=\"https:\/\/lespacecarredarts.fr\/fr\/wp-content\/uploads\/2023\/07\/linn-products-logo-lespace-carre-darts.svg\" alt=\"Logo Linn Products\" \/><\/figure>\n<figure><img decoding=\"async\" src=\"https:\/\/lespacecarredarts.fr\/fr\/wp-content\/uploads\/2023\/07\/yamaha-logo-lespace-carre-darts.svg\" alt=\"Logo Yamaha\" \/><\/figure>\n<figure><img decoding=\"async\" src=\"https:\/\/lespacecarredarts.fr\/fr\/wp-content\/uploads\/2023\/07\/sonos-logo-lespace-carre-darts.svg\" alt=\"Logo Sonos\" \/><\/figure>\n<figure><img decoding=\"async\" src=\"https:\/\/lespacecarredarts.fr\/fr\/wp-content\/uploads\/2023\/07\/sony-logo-lespace-carre-darts.svg\" alt=\"Logo Sony\" \/><\/figure>\n<figure><img decoding=\"async\" src=\"https:\/\/lespacecarredarts.fr\/fr\/wp-content\/uploads\/2023\/07\/control4-logo-lespace-carre-darts.svg\" alt=\"Logo Control4\" \/><\/figure>\n<figure><img decoding=\"async\" src=\"https:\/\/lespacecarredarts.fr\/fr\/wp-content\/uploads\/2023\/07\/rega-logo-lespace-carre-darts.svg\" alt=\"Logo Rega\" \/><\/figure>\n<figure><img decoding=\"async\" src=\"https:\/\/lespacecarredarts.fr\/fr\/wp-content\/uploads\/2023\/07\/blustream-logo-lespace-carre-darts.svg\" alt=\"Logo Blustream\" \/><\/figure>\n<figure><img decoding=\"async\" src=\"https:\/\/lespacecarredarts.fr\/fr\/wp-content\/uploads\/2023\/07\/innuos-logo-lespace-carre-darts.svg\" alt=\"Logo Innuos\" \/><\/figure>\n<figure><img decoding=\"async\" src=\"https:\/\/lespacecarredarts.fr\/fr\/wp-content\/uploads\/2023\/07\/atoll-electronique-logo-lespace-carre-darts.svg\" alt=\"Logo Atoll Electronique\" \/><\/figure>\n<figure><img decoding=\"async\" src=\"https:\/\/lespacecarredarts.fr\/fr\/wp-content\/uploads\/2023\/07\/cambridge-audio-logo-lespace-carre-darts.svg\" alt=\"Logo Cambridge Audio\" \/><\/figure>\n<figure><img decoding=\"async\" src=\"https:\/\/lespacecarredarts.fr\/fr\/wp-content\/uploads\/2023\/07\/arcam-logo-lespace-carre-darts.svg\" alt=\"Logo Arcam\" \/><\/figure>\n<p>\t\t\t\t\t\t<svg aria-hidden=\"true\" viewBox=\"0 0 1000 1000\" xmlns=\"http:\/\/www.w3.org\/2000\/svg\"><path d=\"M646 125C629 125 613 133 604 142L308 442C296 454 292 471 292 487 292 504 296 521 308 533L604 854C617 867 629 875 646 875 663 875 679 871 692 858 704 846 713 829 713 812 713 796 708 779 692 767L438 487 692 225C700 217 708 204 708 187 708 171 704 154 692 142 675 129 663 125 646 125Z\"><\/path><\/svg><br \/>\n\t\t\t\t\t\t<svg aria-hidden=\"true\" viewBox=\"0 0 1000 1000\" xmlns=\"http:\/\/www.w3.org\/2000\/svg\"><path d=\"M696 533C708 521 713 504 713 487 713 471 708 454 696 446L400 146C388 133 375 125 354 125 338 125 325 129 313 142 300 154 292 171 292 187 292 204 296 221 308 233L563 492 304 771C292 783 288 800 288 817 288 833 296 850 308 863 321 871 338 875 354 875 371 875 388 867 400 854L696 533Z\"><\/path><\/svg>\t\t\t\t\t<\/p>\n<h2>Nos qualit\u00e9s<\/h2>\n<p>Pour vous offrir un tr\u00e8s bon service et un suivi \u00e0 la hauteur de vos attentes, nous passons r\u00e9guli\u00e8rement des examens pour \u00eatre \u00e0 niveau dans nos domaines tels que pour Control4, Linn ou encore HDBaseT.<\/p>\n<p>\t\t\t\t\t\t\t\t\t\t\t\t\t<img decoding=\"async\" width=\"100\" height=\"100\" src=\"https:\/\/lespacecarredarts.fr\/fr\/wp-content\/uploads\/2023\/07\/linn-products-logo-diplome-lespace-carre-darts.svg\" alt=\"Logo Linn Products\" \/><br \/>\n\t\t\t\t\t\t\t\t\t\t\t\t\t<img decoding=\"async\" width=\"100\" height=\"100\" src=\"https:\/\/lespacecarredarts.fr\/fr\/wp-content\/uploads\/2023\/07\/HDBaseT-logo-diplome-lespace-carre-darts.svg\" alt=\"Logo HDBASET\" \/><br \/>\n\t\t\t\t\t\t\t\t\t\t\t\t\t<img decoding=\"async\" width=\"100\" height=\"100\" src=\"https:\/\/lespacecarredarts.fr\/fr\/wp-content\/uploads\/2023\/07\/control4-logo-diplome-lespace-carre-darts.svg\" alt=\"Logo Control4\" \/>\t\t\t\t\t\t\t\t\t\t\t\t\t<\/p>\n<style>\/*! elementor - v3.21.0 - 26-05-2024 *\/\n.elementor-widget-divider{--divider-border-style:none;--divider-border-width:1px;--divider-color:#0c0d0e;--divider-icon-size:20px;--divider-element-spacing:10px;--divider-pattern-height:24px;--divider-pattern-size:20px;--divider-pattern-url:none;--divider-pattern-repeat:repeat-x}.elementor-widget-divider .elementor-divider{display:flex}.elementor-widget-divider .elementor-divider__text{font-size:15px;line-height:1;max-width:95%}.elementor-widget-divider .elementor-divider__element{margin:0 var(--divider-element-spacing);flex-shrink:0}.elementor-widget-divider .elementor-icon{font-size:var(--divider-icon-size)}.elementor-widget-divider .elementor-divider-separator{display:flex;margin:0;direction:ltr}.elementor-widget-divider--view-line_icon .elementor-divider-separator,.elementor-widget-divider--view-line_text .elementor-divider-separator{align-items:center}.elementor-widget-divider--view-line_icon .elementor-divider-separator:after,.elementor-widget-divider--view-line_icon .elementor-divider-separator:before,.elementor-widget-divider--view-line_text .elementor-divider-separator:after,.elementor-widget-divider--view-line_text .elementor-divider-separator:before{display:block;content:\"\";border-block-end:0;flex-grow:1;border-block-start:var(--divider-border-width) var(--divider-border-style) var(--divider-color)}.elementor-widget-divider--element-align-left .elementor-divider .elementor-divider-separator>.elementor-divider__svg:first-of-type{flex-grow:0;flex-shrink:100}.elementor-widget-divider--element-align-left .elementor-divider-separator:before{content:none}.elementor-widget-divider--element-align-left .elementor-divider__element{margin-left:0}.elementor-widget-divider--element-align-right .elementor-divider .elementor-divider-separator>.elementor-divider__svg:last-of-type{flex-grow:0;flex-shrink:100}.elementor-widget-divider--element-align-right .elementor-divider-separator:after{content:none}.elementor-widget-divider--element-align-right .elementor-divider__element{margin-right:0}.elementor-widget-divider--element-align-start .elementor-divider .elementor-divider-separator>.elementor-divider__svg:first-of-type{flex-grow:0;flex-shrink:100}.elementor-widget-divider--element-align-start .elementor-divider-separator:before{content:none}.elementor-widget-divider--element-align-start .elementor-divider__element{margin-inline-start:0}.elementor-widget-divider--element-align-end .elementor-divider .elementor-divider-separator>.elementor-divider__svg:last-of-type{flex-grow:0;flex-shrink:100}.elementor-widget-divider--element-align-end .elementor-divider-separator:after{content:none}.elementor-widget-divider--element-align-end .elementor-divider__element{margin-inline-end:0}.elementor-widget-divider:not(.elementor-widget-divider--view-line_text):not(.elementor-widget-divider--view-line_icon) .elementor-divider-separator{border-block-start:var(--divider-border-width) var(--divider-border-style) var(--divider-color)}.elementor-widget-divider--separator-type-pattern{--divider-border-style:none}.elementor-widget-divider--separator-type-pattern.elementor-widget-divider--view-line .elementor-divider-separator,.elementor-widget-divider--separator-type-pattern:not(.elementor-widget-divider--view-line) .elementor-divider-separator:after,.elementor-widget-divider--separator-type-pattern:not(.elementor-widget-divider--view-line) .elementor-divider-separator:before,.elementor-widget-divider--separator-type-pattern:not([class*=elementor-widget-divider--view]) .elementor-divider-separator{width:100%;min-height:var(--divider-pattern-height);-webkit-mask-size:var(--divider-pattern-size) 100%;mask-size:var(--divider-pattern-size) 100%;-webkit-mask-repeat:var(--divider-pattern-repeat);mask-repeat:var(--divider-pattern-repeat);background-color:var(--divider-color);-webkit-mask-image:var(--divider-pattern-url);mask-image:var(--divider-pattern-url)}.elementor-widget-divider--no-spacing{--divider-pattern-size:auto}.elementor-widget-divider--bg-round{--divider-pattern-repeat:round}.rtl .elementor-widget-divider .elementor-divider__text{direction:rtl}.e-con-inner>.elementor-widget-divider,.e-con>.elementor-widget-divider{width:var(--container-widget-width,100%);--flex-grow:var(--container-widget-flex-grow)}<\/style>\n<h2>Des r\u00e9ponses \u00e0 vos questions.<\/h2>\n<p>Nous avons mis en place plusieurs sites qui r\u00e9pondent \u00e0 vos besoins en fonction de ce que vous recherchez !<\/p>\n<p>\t\t\t\t\t\t\t\t\t\t\t\t\t<img decoding=\"async\" width=\"601\" height=\"600\" src=\"https:\/\/lespacecarredarts.fr\/fr\/wp-content\/uploads\/2023\/05\/hifi-landing-lespacecarredarts-belfort.webp\" alt=\"Ensemble de produits HI-FI Linn Products avec une platine vinyle LP12 et un Majik.\" srcset=\"https:\/\/lespacecarredarts.fr\/fr\/wp-content\/uploads\/2023\/05\/hifi-landing-lespacecarredarts-belfort.webp 601w, https:\/\/lespacecarredarts.fr\/fr\/wp-content\/uploads\/2023\/05\/hifi-landing-lespacecarredarts-belfort-300x300.webp 300w, https:\/\/lespacecarredarts.fr\/fr\/wp-content\/uploads\/2023\/05\/hifi-landing-lespacecarredarts-belfort-150x150.webp 150w\" sizes=\"(max-width: 601px) 100vw, 601px\" \/>\t\t\t\t\t\t\t\t\t\t\t\t\t<\/p>\n<h4>Linn Belfort<\/h4>\n<p>\t\t\t<a href=\"https:\/\/linnby.lespacecarredarts.fr\"><br \/>\n\t\t\t\t\t\t\t\t\tD\u00e9couvrir Linn<br \/>\n\t\t\t\t\t<\/a><br \/>\n\t\t\t\t\t\t\t\t\t\t\t\t\t<img decoding=\"async\" width=\"400\" height=\"400\" src=\"https:\/\/lespacecarredarts.fr\/fr\/wp-content\/uploads\/2023\/07\/nos-sites-integration-lespace-carre-darts.webp\" alt=\"D\u00e9couvrez l&#039;int\u00e9gration sur le site.\" srcset=\"https:\/\/lespacecarredarts.fr\/fr\/wp-content\/uploads\/2023\/07\/nos-sites-integration-lespace-carre-darts.webp 400w, https:\/\/lespacecarredarts.fr\/fr\/wp-content\/uploads\/2023\/07\/nos-sites-integration-lespace-carre-darts-300x300.webp 300w, https:\/\/lespacecarredarts.fr\/fr\/wp-content\/uploads\/2023\/07\/nos-sites-integration-lespace-carre-darts-150x150.webp 150w\" sizes=\"(max-width: 400px) 100vw, 400px\" \/>\t\t\t\t\t\t\t\t\t\t\t\t\t<\/p>\n<h2>Int\u00e9gration<\/h2>\n<p>\t\t\t<a href=\"https:\/\/integration.lespacecarredarts.fr\"><br \/>\n\t\t\t\t\t\t\t\t\tD\u00e9couvrir l&rsquo;int\u00e9gration<br \/>\n\t\t\t\t\t<\/a><br \/>\n\t\t\t\t\t\t\t\t\t\t\t\t\t<img decoding=\"async\" width=\"601\" height=\"600\" src=\"https:\/\/lespacecarredarts.fr\/fr\/wp-content\/uploads\/2024\/06\/laboutique-landing-lespacecarredarts-belfort.webp\" alt=\"\" srcset=\"https:\/\/lespacecarredarts.fr\/fr\/wp-content\/uploads\/2024\/06\/laboutique-landing-lespacecarredarts-belfort.webp 601w, https:\/\/lespacecarredarts.fr\/fr\/wp-content\/uploads\/2024\/06\/laboutique-landing-lespacecarredarts-belfort-300x300.webp 300w, https:\/\/lespacecarredarts.fr\/fr\/wp-content\/uploads\/2024\/06\/laboutique-landing-lespacecarredarts-belfort-150x150.webp 150w\" sizes=\"(max-width: 601px) 100vw, 601px\" \/>\t\t\t\t\t\t\t\t\t\t\t\t\t<\/p>\n<h2>La Boutique<\/h2>\n<p>\t\t\t<a href=\"https:\/\/laboutique.lespacecarredarts.fr\"><br \/>\n\t\t\t\t\t\t\t\t\tD\u00e9couvrir les produits<br \/>\n\t\t\t\t\t<\/a><br \/>\n\t\t\t\t\t\t\t\t\t\t\t\t\t<img decoding=\"async\" width=\"601\" height=\"600\" src=\"https:\/\/lespacecarredarts.fr\/fr\/wp-content\/uploads\/2024\/06\/blog-landing-lespacecarredarts-belfort.webp\" alt=\"\" srcset=\"https:\/\/lespacecarredarts.fr\/fr\/wp-content\/uploads\/2024\/06\/blog-landing-lespacecarredarts-belfort.webp 601w, https:\/\/lespacecarredarts.fr\/fr\/wp-content\/uploads\/2024\/06\/blog-landing-lespacecarredarts-belfort-300x300.webp 300w, https:\/\/lespacecarredarts.fr\/fr\/wp-content\/uploads\/2024\/06\/blog-landing-lespacecarredarts-belfort-150x150.webp 150w\" sizes=\"(max-width: 601px) 100vw, 601px\" \/>\t\t\t\t\t\t\t\t\t\t\t\t\t<\/p>\n<h2>Le Blog<\/h2>\n<p>\t\t\t<a href=\"https:\/\/blog.lespacecarredarts.fr\"><br \/>\n\t\t\t\t\t\t\t\t\tNos derni\u00e8res actualit\u00e9s<br \/>\n\t\t\t\t\t<\/a><\/p>\n<style>\/*! elementor - v3.21.0 - 26-05-2024 *\/\nbody.elementor-page .elementor-widget-menu-anchor{margin-bottom:0}<\/style>\n<h2>Nous contacter<\/h2>\n<h2>PRENDRE RENDEZ-VOUS<\/h2>\n","protected":false},"excerpt":{"rendered":"<p>D\u00e9couvrez la HI-FI, le home cin\u00e9ma, la domotique et l&rsquo;int\u00e9gration audio &#8211; vid\u00e9o \u00e0 Belfort. De votre simple cha\u00eene HI-FI \u00e0 votre salle de cin\u00e9ma priv\u00e9e, nos produits ainsi que nos solutions sont \u00e9volutives et se mettent au diapason en fonction de votre envie. Pour cela, nous avons investi dans peu de marques nous permettant [&hellip;]<\/p>\n","protected":false},"author":2,"featured_media":0,"parent":0,"menu_order":0,"comment_status":"closed","ping_status":"closed","template":"","meta":{"_seopress_robots_primary_cat":"","_seopress_titles_title":"L\u2019Espace Carr\u00e9 d\u2019Arts - HI-FI, Home cin\u00e9ma et int\u00e9gration","_seopress_titles_desc":"Plus de 10 ans d&#039;exp\u00e9rience dans votre accompagnement pour vos besoins en HI-FI, Home cin\u00e9ma, produits d&#039;int\u00e9gration et domotique \u00e0 Belfort.","_seopress_robots_index":"","footnotes":""},"class_list":["post-170","page","type-page","status-publish","hentry"],"_links":{"self":[{"href":"https:\/\/lespacecarredarts.fr\/fr\/wp-json\/wp\/v2\/pages\/170","targetHints":{"allow":["GET"]}}],"collection":[{"href":"https:\/\/lespacecarredarts.fr\/fr\/wp-json\/wp\/v2\/pages"}],"about":[{"href":"https:\/\/lespacecarredarts.fr\/fr\/wp-json\/wp\/v2\/types\/page"}],"author":[{"embeddable":true,"href":"https:\/\/lespacecarredarts.fr\/fr\/wp-json\/wp\/v2\/users\/2"}],"replies":[{"embeddable":true,"href":"https:\/\/lespacecarredarts.fr\/fr\/wp-json\/wp\/v2\/comments?post=170"}],"version-history":[{"count":13,"href":"https:\/\/lespacecarredarts.fr\/fr\/wp-json\/wp\/v2\/pages\/170\/revisions"}],"predecessor-version":[{"id":32693,"href":"https:\/\/lespacecarredarts.fr\/fr\/wp-json\/wp\/v2\/pages\/170\/revisions\/32693"}],"wp:attachment":[{"href":"https:\/\/lespacecarredarts.fr\/fr\/wp-json\/wp\/v2\/media?parent=170"}],"curies":[{"name":"wp","href":"https:\/\/api.w.org\/{rel}","templated":true}]}}